{"id":2664,"date":"2019-10-23T12:28:31","date_gmt":"2019-10-23T12:28:31","guid":{"rendered":"https:\/\/sktthemesdemo.net\/medical\/?page_id=66"},"modified":"2021-12-05T23:19:06","modified_gmt":"2021-12-05T23:19:06","slug":"about-2","status":"publish","type":"page","link":"https:\/\/salymileto.com\/?page_id=2664","title":{"rendered":"BIOGRAF\u00cdA"},"content":{"rendered":"\t\t<div data-elementor-type=\"wp-page\" data-elementor-id=\"2664\" class=\"elementor elementor-2664\" data-elementor-settings=\"[]\">\n\t\t\t\t\t\t\t<div class=\"elementor-section-wrap\">\n\t\t\t\t\t\t\t<section class=\"elementor-section elementor-top-section elementor-element elementor-element-61411678 album-section elementor-section-boxed elementor-section-height-default elementor-section-height-default\" data-id=\"61411678\" data-element_type=\"section\" data-settings=\"{&quot;background_background&quot;:&quot;classic&quot;}\">\n\t\t\t\t\t\t<div class=\"elementor-container elementor-column-gap-default\">\n\t\t\t\t\t<div class=\"elementor-column elementor-col-100 elementor-top-column elementor-element elementor-element-5d855c03\" data-id=\"5d855c03\" data-element_type=\"column\">\n\t\t\t<div class=\"elementor-widget-wrap elementor-element-populated\">\n\t\t\t\t\t\t\t\t<section class=\"elementor-section elementor-inner-section elementor-element elementor-element-41deeaf9 elementor-section-boxed elementor-section-height-default elementor-section-height-default\" data-id=\"41deeaf9\" data-element_type=\"section\">\n\t\t\t\t\t\t<div class=\"elementor-container elementor-column-gap-default\">\n\t\t\t\t\t<div class=\"elementor-column elementor-col-50 elementor-inner-column elementor-element elementor-element-5c44d08b animated-slow elementor-invisible\" data-id=\"5c44d08b\" data-element_type=\"column\" data-settings=\"{&quot;animation&quot;:&quot;fadeInDown&quot;}\">\n\t\t\t<div class=\"elementor-widget-wrap elementor-element-populated\">\n\t\t\t\t\t\t\t\t<div class=\"elementor-element elementor-element-37080004 elementor-aspect-ratio-43 elementor-widget elementor-widget-video\" data-id=\"37080004\" data-element_type=\"widget\" data-settings=\"{&quot;youtube_url&quot;:&quot;https:\\\/\\\/www.youtube.com\\\/watch?v=XP2ev8Pv09I&quot;,&quot;aspect_ratio&quot;:&quot;43&quot;,&quot;video_type&quot;:&quot;youtube&quot;,&quot;controls&quot;:&quot;yes&quot;}\" data-widget_type=\"video.default\">\n\t\t\t\t<div class=\"elementor-widget-container\">\n\t\t\t\t\t<div class=\"elementor-wrapper elementor-fit-aspect-ratio elementor-open-inline\">\n\t\t\t<div class=\"elementor-video\"><\/div>\t\t<\/div>\n\t\t\t\t<\/div>\n\t\t\t\t<\/div>\n\t\t\t\t\t<\/div>\n\t\t<\/div>\n\t\t\t\t<div class=\"elementor-column elementor-col-50 elementor-inner-column elementor-element elementor-element-31760a1c album-content animated-slow elementor-invisible\" data-id=\"31760a1c\" data-element_type=\"column\" data-settings=\"{&quot;animation&quot;:&quot;fadeInUp&quot;}\">\n\t\t\t<div class=\"elementor-widget-wrap elementor-element-populated\">\n\t\t\t\t\t\t\t\t<div class=\"elementor-element elementor-element-505b08f6 title elementor-widget elementor-widget-heading\" data-id=\"505b08f6\" data-element_type=\"widget\" data-widget_type=\"heading.default\">\n\t\t\t\t<div class=\"elementor-widget-container\">\n\t\t\t<h2 class=\"elementor-heading-title elementor-size-default\">New Album For <span>BIOGRAFIA<\/span>ddd<\/h2>\t\t<\/div>\n\t\t\t\t<\/div>\n\t\t\t\t<div class=\"elementor-element elementor-element-6e695515 elementor-widget-divider--view-line elementor-widget elementor-widget-divider\" data-id=\"6e695515\" data-element_type=\"widget\" data-widget_type=\"divider.default\">\n\t\t\t\t<div class=\"elementor-widget-container\">\n\t\t\t\t\t<div class=\"elementor-divider\">\n\t\t\t<span class=\"elementor-divider-separator\">\n\t\t\t\t\t\t<\/span>\n\t\t<\/div>\n\t\t\t\t<\/div>\n\t\t\t\t<\/div>\n\t\t\t\t<div class=\"elementor-element elementor-element-57ec26aa elementor-widget elementor-widget-heading\" data-id=\"57ec26aa\" data-element_type=\"widget\" data-widget_type=\"heading.default\">\n\t\t\t\t<div class=\"elementor-widget-container\">\n\t\t\t<h2 class=\"elementor-heading-title elementor-size-default\"><strong>BIOGRAF\u00cdA COMPLETA DE SAL Y MILETO<\/strong><\/h2>\t\t<\/div>\n\t\t\t\t<\/div>\n\t\t\t\t<div class=\"elementor-element elementor-element-74309312 elementor-widget elementor-widget-text-editor\" data-id=\"74309312\" data-element_type=\"widget\" data-widget_type=\"text-editor.default\">\n\t\t\t\t<div class=\"elementor-widget-container\">\n\t\t\t\t\t\t\t<p><strong><br><\/strong><\/p>\n<p><strong>1994<\/strong><\/p>\n<p><strong>El grupo se origina en Latacunga como un experimento de los m\u00fasicos Pa\u00fal Segovia (guitarra y voz), Igor Icaza (bater\u00eda), C\u00e9sar Albarrac\u00edn (bajo y flauta traversa), V\u00edctor Narv\u00e1ez (guitarra electroac\u00fastica) y Jorge Luis Rosero (percusi\u00f3n) y el poeta Peky Andino. Hacen sus primeros ensayos en la hist\u00f3rica hacienda Tilipulo de Cotopaxi y en dos semanas presentan su primer concierto el 15 de octubre en el teatro de la Casa de la Cultura, N\u00facleo de Cotopaxi. Sal y Mileto se convirti\u00f3 en el nombre de la banda por identificar las dos propuestas juntas que el proyecto pon\u00eda en escena: m\u00fasica y poes\u00eda. \u00a8Sal\u00a8 representa a la m\u00fasica y viene del nombre de la novela indigenista del escritor cuencano Humberto Mata y \u00a8Mileto\u00a8 representa a la poes\u00eda y viene de la ciudad de Grecia de la que proviene Tales.<\/strong><\/p>\n<p><strong>1995<\/strong><\/p>\n<p><strong>Ofrecen varios conciertos en Latacunga y sus primeros conciertos en Quito. Graban su primer Demo tape \u201cA prop\u00f3sito de un d\u00eda com\u00fan\u201d. Participan con el tema \u00a8Panelita\u00a8 en el ciclo de presentaciones ac\u00fasticas en directo del programa \u00a8Video Show\u00a8 de Ecuavisa. En agosto Franco Aguirre (bajo) ingresa al grupo.<\/strong><\/p>\n<p><strong>1996<\/strong><\/p>\n<p><strong>Peky, V\u00edctor, Cesar y Jorge salen del grupo (eventualmente ser\u00e1n invitados a participar en conciertos y ser\u00e1n parte de varias producciones). Pa\u00fal, Franco e Igor conforman el \u00a8power trio\u00a8 que grabar\u00e1 las placas y dejar\u00e1 marcado el estilo original y contestatario de Sal y Mileto. Son catalogados por varios medios como la mejor propuesta musical de los \u00faltimos a\u00f1os. Felipe Cisternas (saxo) se incluye al grupo. Participan en los festivales m\u00e1s importantes del Ecuador. Realizan el montaje de la obra de teatro-rock \u201cCeremonia con sangre, con tinta sangre del coraz\u00f3n\u201d de Peky Andino, considerado uno de los mejores eventos de ese a\u00f1o por la prensa quite\u00f1a.<\/strong><\/p>\n<p><strong>1997<\/strong><\/p>\n<p><strong>Realizan una gira nacional. Paul Segovia y Cesar Albarrac\u00edn montan la m\u00fasica para la obra \u00a8Kito kon K\u00a8 de Peky Andino. Componen m\u00fasica incidental para series de TV y&nbsp; participan con tres temas en la banda sonora de la pel\u00edcula ecuatoriana con m\u00e1s reconocimientos internacionales:&nbsp;\u201cRatas, ratones y rateros\u201d del director Sebasti\u00e1n Cordero.<\/strong><\/p>\n<p><strong>1999<\/strong><\/p>\n<p><strong>Participan en el festival internacional \u201cRock desde el volc\u00e1n\u201d en el valle del cr\u00e1ter del volc\u00e1n Pululahua &#8211; Pichincha, en el cual el programa Raiz\u00f3nica de la cadena MTV realiza varios elogios al grupo. En junio de ese a\u00f1o lanzan su primer CD \u201cSal y Mileto\u201d en la Fiesta de la M\u00fasica de la Alianza Francesa y promocionan su trabajo en las principales ciudades del Ecuador. Luego de tres meses representan al Ecuador en el festival gratuito m\u00e1s grande de Latinoam\u00e9rica \u201cRock al Parque\u201d en Bogot\u00e1. Por dos meses realizan varias presentaciones en Bogot\u00e1 y Cali \u2013 Colombia.<\/strong><\/p>\n<p><strong>2000<\/strong><\/p>\n<p><strong>Sale del grupo Felipe Cisternas. Participan en el CD compilatorio de m\u00fasica ecuatoriana editado por Radio Francia Internacional. Graban y lanzan su segundo CD \u201cDisko Cero\u201d bajo la producci\u00f3n de Peky Andino. Participan en el Festival \u00a8Huasipichai\u00a8 en el \u00c1gora de la Casa de la Cultura de Quito.<\/strong><\/p>\n<p><strong>2001<\/strong><\/p>\n<p><strong>Son parte del Soundtrack del cortometraje \u201cDescensor\u201d de Mauricio Samaniego, realizan el montaje (con toda la banda) de la obra \u201cKito kon K\u201d en las calles del centro de Quito. Componen la m\u00fasica incidental para la serie de TV \u201cZona Oscura\u201d en la cual estrenan su primer video \u201cD\u00e9bora\u201d. Participan en el CD Compilatorio \u201cUnification\u201d editado en EE.UU. por el productor Chris D\u00edaz.<\/strong><\/p>\n<p><strong>2002<\/strong><\/p>\n<p><strong>Participan en la obra de m\u00fasica y teatro \u201cTarmutz\u201d del guitarrista y compositor Andr\u00e9s Ortiz. Por votaci\u00f3n de la audiencia son denominados la banda m\u00e1s influyente del rock ecuatoriano (Radio Latina). Adem\u00e1s, realizan el montaje de danza y m\u00fasica junto al Frente de Danza Independiente dirigidos por el core\u00f3grafo Cl\u00e9ver Viera y a finales de ese a\u00f1o son premiados como la mejor banda del 2002 (Radio Metro Stereo) gracias al apoyo de sus seguidores en todo el pa\u00eds.<\/strong><\/p>\n<p><strong>2003<\/strong><\/p>\n<p><strong>Abren el concierto del legendario m\u00fasico argentino Luis Alberto Spinetta. Los Premios Larva&nbsp; denominan a Sal y Mileto como la mejor banda de fusi\u00f3n del Ecuador. A mediados de ese a\u00f1o lanzan su tercer CD \u201cTres\u201d producido por Igor Icaza. Dos d\u00edas despu\u00e9s su vocalista y guitarrista Pa\u00fal Segovia muere. Igor Icaza y Franco Aguirre deciden alejarse de los escenarios.<\/strong><\/p>\n<p><strong>2004<\/strong><\/p>\n<p><strong>Igor Icaza y Franco Aguirre junto a todos los miembros originales del grupo y m\u00fasicos invitados realizan el primer concierto en tributo p\u00f3stumo a Pa\u00fal Segovia, adem\u00e1s, presentan su cuarta placa discogr\u00e1fica: \u201cIn Situ\u201d producida por Igor Icaza y grabada en vivo en el 2002.<\/strong><\/p>\n<p><strong>2005<\/strong><\/p>\n<p><strong>Se repite el tributo a Pa\u00fal Segovia en junio, interpretan temas in\u00e9ditos de Pa\u00fal Segovia y temas de Sal y Mileto, adem\u00e1s se estrena el video del tema \u201cTecknokrata\u201d registrado en el lanzamiento del CD \u201cTres\u201d.<\/strong><\/p>\n<p><strong>2006<\/strong><\/p>\n<p><strong>Sal y Mileto es reconocida como la mejor banda de los noventas por el proyecto \u201cMis bandas nacionales\u201d (Radio Hot 106). Realizan el tercer tributo a la memoria de Pa\u00fal Segovia en el Patio de Comedias de Quito, tributo que cuenta a Lu\u00eds Enriques como invitado en la guitarra; Igor y Luis, tambi\u00e9n conocido como Lucho Pelucho, son miembros fundadores de la banda Funda Mental. El Tributo dar\u00e1 inicio a un nuevo periodo del grupo; en noviembre, Sal y Mileto regresa a los escenarios con Luis Enr\u00edquez en la guitarra en forma definitiva, dando conciertos con asistencia masiva del p\u00fablico en Cuenca, Quito y Latacunga. En diciembre cierran el Festival Internacional \u201cQuito Fest\u201d ante 15.000 personas. En dicho acontecimiento, se graba parte del metraje que servir\u00e1 para el v\u00eddeo del tema Aguanta.<\/strong><\/p>\n<p><strong>2007<\/strong><\/p>\n<p><strong>Componen la m\u00fasica incidental y participan en la obra de danza contempor\u00e1nea \u201cLa \u00faltima escena\u201d del core\u00f3grafo Cl\u00e9ver Viera junto al grupo de danza \u201cEl Arrebato\u201d en el Teatro Nacional de la Casa de la Cultura. En abril la revista Rolling Stone (versi\u00f3n editada en Colombia para 5 pa\u00edses) publica un especial de la historia de Sal y Mileto. En mayo realizan un concierto en la Alianza Francesa de Quito para luego iniciar un viaje de tres meses, convirti\u00e9ndose en la primera banda de rock del Ecuador en concretar un Tour Europeo, con los recitales siguientes: Festival Internacional Universitario FIMU (Belfort-Francia), Club De Vinger (Den Haag-Holanda), Bar La Rumeur (Lille-Francia), Sala Meteko (Mechelen-B\u00e9lgica), Club Sinister Noise (Roma-Italia), Festival Internacional Senglarock (Lleida-Espa\u00f1a), Costello Club (Madrid-Espa\u00f1a), Sala Mau Mau (Lisboa-Portugal), Casa Viva (Porto-Portugal), Asociaci\u00f3n C.A.R. (Guimaraes-Portugal), Sala Censura Previa (Braga-Portugal). Retornan a Quito y participan en un homenaje al poeta Pablo Palacio interpretando versiones ac\u00fasticas del tema: D\u00e9bora (que hace alusi\u00f3n a la obra de Palacio). Participan como invitados y reciben un reconocimiento por su trayectoria en el Concurso para bandas amateur \u201cMi Banda\u201d organizado por la revista \u201cXona\u201d (Diario El Comercio) en el \u00c1gora de la Casa de la Cultura de Quito. Cierran el Festival Internacional \u201cQuitu Raymi\u201d junto a Maldita vecindad (M\u00e9xico) ante 12.000 personas. La revista MetalHammer (editada en Espa\u00f1a \/ n\u00famero 238) publica auspiciosas rese\u00f1as acerca de Sal y Mileto en el resumen de festivales en Espa\u00f1a.<\/strong><\/p>\n<p><strong>2008<\/strong><\/p>\n<p><strong>Cierran el Festival Internacional \u201cFestivalFFF\u201d ante 8.000 personas en la ciudad de Ambato. En junio ofrecen el quinto concierto en tributo al guitarrista y vocalista Pa\u00fal Segovia en la Plaza del Teatro de Quito, en este concierto se lanza el EP \u201cEl dolor\u201d. En ese mes cierran la \u201cFete du Musique\u201d en la Alianza Francesa. En septiembre representan al Ecuador en el BAFIM (Buenos Aires Feria Internacional de la M\u00fasica), adem\u00e1s realizan presentaciones en bares de la ciudad de Rosario y Buenos Aires (Argentina).<\/strong><\/p>\n<p><strong>2009<\/strong><\/p>\n<p><strong>Se da inicio al proyecto &#8220;Gira Nacional De Descentralizaci\u00f3n, Formaci\u00f3n e Investigaci\u00f3n Musical&#8221; que ofrece talleres gratuitos (bajo, guitarra y bater\u00eda) en 8 provincias del Ecuador. En Julio del 2009, lanzan su sexta producci\u00f3n discogr\u00e1fica: \u00a8Electroak\u00fastico\u00a8 (grabado en vivo en el Teatro M\u00e9xico de Quito).<\/strong><\/p>\n<p><strong>2010<\/strong><\/p>\n<p><strong>Participan en el Festival Internacional &#8220;Canto de todos&#8221; Plaza de San Francisco (Quito) y en el Festival San Pedro Music Camp (Pelileo, Tungurahua). Finaliza el proyecto &#8220;Gira nacional de descentralizaci\u00f3n, formaci\u00f3n e investigaci\u00f3n musical&#8221;. Franco Aguirre se retira de la banda. Igor Icaza y Lucho Enr\u00edquez convocan a Germ\u00e1n Mora (bajo) y a Santiago Jim\u00e9nez (saxo). Participan como banda invitada en los 10 a\u00f1os de la pel\u00edcula &#8220;Ratas, ratones y rateros&#8221; de Sebasti\u00e1n Cordero. En septiembre ofrecen tres conciertos en Estados Unidos (Nueva York y Trenton). Igor Icaza deja la bater\u00eda y asume la voz l\u00edder en la banda. Participan en la Feria Internacional \u00a8Quitumbe\u00a8. Cierran el a\u00f1o participando en el cl\u00e1sico festival de rock y metal de Quito &#8220;Festival Concha ac\u00fastica de la Villa flora&#8221;.<\/strong><\/p>\n<p><strong>2011<\/strong><\/p>\n<p><strong>Participan en el \u00a8Festival de Carnaval\u00a8 en Tulc\u00e1n \u2013 Carchi. La cantante Rita Mar\u00eda (Portugal) y David Rosales (baterista de soporte) se integran a la banda. Igor Icaza y m\u00fasicos invitados graban el tema Luz Elena de Pa\u00fal Segovia para la banda sonora de la pel\u00edcula \u00a8Con mi coraz\u00f3n en Yambo\u00a8 de Mar\u00eda Fernanda Restrepo. Ofrecen conciertos en Guayaquil y Monta\u00f1ita y luego realizan el octavo concierto en tributo a Pa\u00fal Segovia en la Plaza del Teatro de Quito. En julio cierran la \u00a8Semana de comunicaci\u00f3n\u00a8 de la Universidad Salesiana de Quito. Luego viajan a Estados Unidos y participan en el \u00a87th Outdoor International Film, dance and music series Passport Fridays 2011\u00a8 en el Museo de Artes Queens, en la ciudad de Nueva York. Adem\u00e1s, tocan en el emblem\u00e1tico bar \u00a8Trash Bar\u00a8 de Brooklyn y en \u00a8Fontanas Bar\u00a8 del China Town de Nueva York. A su regreso a Ecuador, Zak Icaza (hijo de Igor) se une al grupo como baterista oficial y participan en los festivales: \u00a8Semana del Rock\u00a8, festival \u00a8Velada libertaria\u00a8, festival \u00a8Garganta de fuego\u00a8, festival \u00a8Palabra a la calle\u00a8, festival \u00a8Carpazo\u00a8 y adem\u00e1s, reciben el reconocimiento a su trayectoria por los \u00a8Premios Radio P\u00fablica del Ecuador\u00a8.<\/strong><\/p>\n<p><strong>2012<\/strong><\/p>\n<p><strong>Ofrecen presentaciones en bares tradicionales de Quito como \u00a8El Pobre Diablo\u00a8, \u00a8Seserib\u00f3\u00a8 y \u00a8El Aguij\u00f3n\u00a8. Estos sitios no ver\u00e1n el fin de la primera d\u00e9cada del siglo XXI. Abren el concierto del grupo espa\u00f1ol Ilegales en Paute, Azuay. Graban los temas para la s\u00e9ptima placa. Cierran la Fiesta de la M\u00fasica en Cuenca, Azuay. Luis Enr\u00edques decide radicarse en Francia y la banda se separa.<\/strong><\/p>\n<p><strong>2013<\/strong><\/p>\n<p><strong>Los integrantes de la cuarta formaci\u00f3n de Sal y Mileto (sexteto) se re\u00fanen para cerrar la Fiesta de la M\u00fasica y lanzan el EP \u00a8Va\u2026zuko\u00a8 en la Alianza Francesa de Quito.<\/strong><\/p>\n<p><strong>2014<\/strong><\/p>\n<p><strong>Participan con el tema \u00a8Aguanta\u00a8 en el CD \u00a8Antolog\u00eda del rock ecuatoriano\u00a8.<\/strong><\/p>\n<p><strong>La banda se une nuevamente como sexteto y ofrece el concierto \u00a820 a\u00f1os de Sal y Mileto\u00a8 junto a la Orquesta de Instrumentos Andinos en la emblem\u00e1tica Plaza del Teatro de Quito. Luego realizan la gira por los 20 a\u00f1os con visitas a Cuenca, Ibarra, Riobamba, Guayaquil y Monta\u00f1ita.<\/strong><\/p>\n<p><strong>2017<\/strong><\/p>\n<p><strong>En diciembre Sal y Mileto vuelve a los escenarios con el power tr\u00edo integrado por los dos m\u00fasicos originales: Franco Aguirre (bajo y voces) e Igor Icaza (bater\u00eda y voz) junto a Luis Enr\u00edques (guitarra y coros), con gran acogida cierran los festivales: \u00a8Viejo en llamas\u00a8 en Latacunga y \u00a8Gallinazo Fest\u00a8 en Cuenca.<\/strong><\/p>\n<p><strong>2018<\/strong><\/p>\n<p><strong>En marzo ofrecen un concierto para 500 personas en la sala \u00a8La ideal\u00a8 en Quito, un d\u00eda antes del evento se agotan las entradas. Participan como banda principal en el festival V.A.Q. en el Parque de las diversidades (ex Factory) en Quito; sin mediar raz\u00f3n alguna, la polic\u00eda cierra el acceso al p\u00fablico y se producen disturbios; los fan\u00e1ticos de la banda logran ingresar y la banda toca para unas 7. 000 personas.<\/strong><\/p>\n<p><strong>2019<\/strong><\/p>\n<p><strong>En febrero ofrecen un concierto en el Teatro de la Casa de la Cultura de Cuenca junto a dos bandas locales. Graban 4 temas en vivo para el proyecto audiovisual \u00a8Sesiones al Parque\u00a8 uno de ellos junto a los m\u00fasicos originales V\u00edctor Narv\u00e1ez, Cesar Albarrac\u00edn y Jorge Luis Rosero. Participan como banda principal en el Festival Internacional \u00a8Saca el diablo\u00a8, que se celebra a las afueras de Quito. Estruendosis Producciones reedita el disco \u00a8Tres\u00a8 de Sal y Mileto. Participan como banda principal en el festival \u00a8Polifest\u00a8 tocando para unas 9.000 personas. Festejan su vig\u00e9simo quinto aniversario ofreciendo el \u00a8Concierto conmemorativo por los 25 a\u00f1os\u00a8 junto a 13 m\u00fasicos invitados en el Parque Cultural \u00a8Cumand\u00e1\u00a8 de Quito, adem\u00e1s ofrecen conciertos en Latacunga, Loja y Cuenca.<\/strong><\/p>\n<p><strong>2020<\/strong><\/p>\n<p><strong>Inician la etapa de composici\u00f3n de temas para el nuevo disco que tendr\u00e1 a Lucho Enr\u00edques como Reproductor. En febrero se presentan en Riobamba como parte de la gira por los 25 a\u00f1os del grupo. En julio ofrecen un concierto en l\u00ednea y lanzan el tema \u00a8Ku\u00e1ntiko HP\u00a8 con gran acogida de su p\u00fablico. En octubre, publican el EP del mismo nombre en todas las plataformas digitales y en diciembre logran agotar entradas para la \u00a8Cena concierto\u00a8 en el bar Soundgarden de Tumbaco; al final de dicha presentaci\u00f3n la presencia policial vuelve a ser caracter\u00edstica de los conciertos de Sal y Mileto. A finales de a\u00f1o participan en el festival internacional Quito Fest.<\/strong><\/p>\n<p><strong>2021<\/strong><\/p>\n<p><strong>En enero, a pesar de la intenci\u00f3n de boicot medi\u00e1tico del Centro de Investigaci\u00f3n Gubernamental, se emite la presentaci\u00f3n de banda en el Quito Fest con gran apoyo del p\u00fablico. En agosto, participan en el Auto concierto y cierran el Festival \u00a8Bibilak Fest\u00a8 en Bibli\u00e1n provincia del Ca\u00f1ar. El 20 de noviembre participan en el festival \u00a8Leyendas del rock\u00a8 en Atuntaqui en la provincia de Imbabura y el 27 de noviembre son los artistas principales en el festival \u00a8Space Trip Fest 002\u00a8 cuyo formato tiene ubicaci\u00f3n no revelada hasta el \u00faltimo momento para los asistentes.<\/strong><\/p>\t\t\t\t\t\t<\/div>\n\t\t\t\t<\/div>\n\t\t\t\t<div class=\"elementor-element elementor-element-70f59c81 elementor-widget elementor-widget-button\" data-id=\"70f59c81\" data-element_type=\"widget\" data-widget_type=\"button.default\">\n\t\t\t\t<div class=\"elementor-widget-container\">\n\t\t\t\t\t<div class=\"elementor-button-wrapper\">\n\t\t\t<a href=\"#\" class=\"elementor-button-link elementor-button elementor-size-sm\" role=\"button\">\n\t\t\t\t\t\t<span class=\"elementor-button-content-wrapper\">\n\t\t\t\t\t\t<span class=\"elementor-button-text\">READ MORE<\/span>\n\t\t<\/span>\n\t\t\t\t\t<\/a>\n\t\t<\/div>\n\t\t\t\t<\/div>\n\t\t\t\t<\/div>\n\t\t\t\t\t<\/div>\n\t\t<\/div>\n\t\t\t\t\t\t\t<\/div>\n\t\t<\/section>\n\t\t\t\t\t<\/div>\n\t\t<\/div>\n\t\t\t\t\t\t\t<\/div>\n\t\t<\/section>\n\t\t\t\t\t\t<\/div>\n\t\t\t\t\t<\/div>\n\t\t","protected":false},"excerpt":{"rendered":"<p>New Album For BIOGRAFIAddd BIOGRAF\u00cdA COMPLETA DE SAL Y MILETO 1994 El grupo se origina en Latacunga como un experimento de los m\u00fasicos Pa\u00fal Segovia (guitarra y voz), Igor Icaza (bater\u00eda), C\u00e9sar Albarrac\u00edn (bajo y flauta traversa), V\u00edctor Narv\u00e1ez (guitarra electroac\u00fastica) y Jorge Luis Rosero (percusi\u00f3n) y el poeta Peky Andino. Hacen sus primeros ensayos<br \/><a class=\"moretag\" href=\"https:\/\/salymileto.com\/?page_id=2664\">+ Read More<\/a><\/p>\n","protected":false},"author":1,"featured_media":0,"parent":0,"menu_order":0,"comment_status":"closed","ping_status":"closed","template":"templates\/page-builder.php","meta":[],"_links":{"self":[{"href":"https:\/\/salymileto.com\/index.php?rest_route=\/wp\/v2\/pages\/2664"}],"collection":[{"href":"https:\/\/salymileto.com\/index.php?rest_route=\/wp\/v2\/pages"}],"about":[{"href":"https:\/\/salymileto.com\/index.php?rest_route=\/wp\/v2\/types\/page"}],"author":[{"embeddable":true,"href":"https:\/\/salymileto.com\/index.php?rest_route=\/wp\/v2\/users\/1"}],"replies":[{"embeddable":true,"href":"https:\/\/salymileto.com\/index.php?rest_route=%2Fwp%2Fv2%2Fcomments&post=2664"}],"version-history":[{"count":13,"href":"https:\/\/salymileto.com\/index.php?rest_route=\/wp\/v2\/pages\/2664\/revisions"}],"predecessor-version":[{"id":2831,"href":"https:\/\/salymileto.com\/index.php?rest_route=\/wp\/v2\/pages\/2664\/revisions\/2831"}],"wp:attachment":[{"href":"https:\/\/salymileto.com\/index.php?rest_route=%2Fwp%2Fv2%2Fmedia&parent=2664"}],"curies":[{"name":"wp","href":"https:\/\/api.w.org\/{rel}","templated":true}]}}